{"id":118,"date":"2014-01-21T21:32:04","date_gmt":"2014-01-21T21:32:04","guid":{"rendered":"http:\/\/www.stonyvalley.de\/biggi\/?page_id=118"},"modified":"2014-01-22T18:44:22","modified_gmt":"2014-01-22T18:44:22","slug":"kartenkampf","status":"publish","type":"page","link":"https:\/\/www.stonyvalley.de\/biggi\/kartenkampf\/","title":{"rendered":"KartenKampf"},"content":{"rendered":"<p>Die App-Reihe &#8220;KartenKampf&#8221; ist in folgenden Versionen verf\u00fcgbar:<\/p>\n<p>&#8211; KartenKampf: Dinos <a title=\"Link zur App im Store\" href=\"http:\/\/apps.microsoft.com\/windows\/app\/kartenkampf-dinos\/8a8b9562-101b-48d1-adbf-998458cde80b\">[link zum MS-Shop]<\/a><br \/>\n&#8211; KartenKampf: St\u00e4dte <a title=\"Link zur App im Store\" href=\"http:\/\/apps.microsoft.com\/windows\/app\/kartenkampf-stadte\/1be06ce7-efa6-476a-8c40-05dbeaa68ce7\">[link zum MS-Shop]<\/a><br \/>\n&#8211; KartenKampf: Monster <a title=\"Link zur App im Store\" href=\"http:\/\/apps.microsoft.com\/windows\/app\/kartenkampf-monster\/8f770201-5207-4eb1-b517-3f57e775efca\">[link zum MS-Shop]<\/a><br \/>\n&#8211; KartenKampf: Schickeria <a title=\"Link zur App im Store\" href=\"http:\/\/apps.microsoft.com\/windows\/app\/kartenkampf-schickeria\/f2c3fd76-3196-455a-84ab-9a4fd3cced6e\">[link zum MS-Shop]<\/a><br \/>\n&#8211; KartenKampf: Tiere <a title=\"Link zur App im Store\" href=\"http:\/\/apps.microsoft.com\/windows\/app\/kartenkampf-tiere\/9bde2ccb-f222-44d9-a7fd-52e328e29b20\">[link zum MS-Shop]<\/a><\/p>\n<p><strong>Rechtliche Anmerkungen zur App-Reihe &#8220;KartenKampf&#8221;<\/strong><\/p>\n<p>Obwohl die inhaltliche und grafische Zusammenstellung der Informationen in der App mit gr\u00f6\u00dfter Sorgfalt erfolgt, kann keine Garantie f\u00fcr deren Korrektheit \u00fcbernommen werden. Die Abgebildeten Informationen und Darstellungen unterstehen gr\u00f6\u00dftenteils der k\u00fcnstlerischen Freiheit und sind weder vollst\u00e4ndig noch wahrheitsgem\u00e4\u00df zu erachten. Es gibt keine Gew\u00e4hr f\u00fcr die Korrektheit und Vollst\u00e4ndigkeit der Informationen und daher wird jegliche Haftung ausgeschlossen. F\u00fcr Sch\u00e4den &#8211; egal welcher Art &#8211; die durch die Benutzung oder im Zusammenhang mit der Benutzung der hier bereitgestellten Informationen bzw. App entstehen, seien es direkte oder indirekte Sch\u00e4den, Folgesch\u00e4den oder Sondersch\u00e4den einschlie\u00dflich entgangenen Gewinns, oder Sch\u00e4den, die aus dem Verlust von Daten entstehen, \u00fcbernehme ich keine Verantwortung. Die Nutzung unterliegt allein der Verantwortung des Benutzers. Dies gilt auch dann noch, wenn ein Hinweis \u00fcber die M\u00f6glichkeit solcher Sch\u00e4den mir bekannt gemacht wurden. \u00c4nderungen behalte ich mir ohne vorherige Ank\u00fcndigung vor.<\/p>\n<p>Der Nutzung von im Rahmen der Impressumspflicht ver\u00f6ffentlichten Kontaktdaten durch Dritte zur \u00dcbersendung von nicht ausdr\u00fccklich angeforderter Werbung und Informationsmaterialien wird hiermit ausdr\u00fccklich widersprochen.<\/p>\n<p>Copyright \u00a9 2014 Birgit Meyer @StonyValley. Alle Rechte vorbehalten.<\/p>\n<p><strong>Datenschutzbestimmungen zur App-Reihe &#8220;KartenKampf&#8221;<\/strong><\/p>\n<p>Die Nutzung der Apps der Reihe &#8220;KartenKampf&#8221; ist ohne Angabe von personenbezogenen Daten m\u00f6glich. Eine Erweiterung dieser Ausf\u00fchrungen ist somit unn\u00f6tig, denn es werden keine personenbezogenen Daten direkt durch die Benutzung der App erhoben. Alles weitere unterliegt den normalen gesetzlichen Bestimmungen unter.<\/p>\n","protected":false},"excerpt":{"rendered":"<p>Die App-Reihe &#8220;KartenKampf&#8221; ist in folgenden Versionen verf\u00fcgbar: &#8211; KartenKampf: Dinos [link zum MS-Shop] &#8211; KartenKampf: St\u00e4dte [link zum MS-Shop] &#8211; KartenKampf: Monster [link zum MS-Shop] &#8211; KartenKampf: Schickeria [link zum MS-Shop] &#8211; KartenKampf: Tiere [link zum MS-Shop] Rechtliche Anmerkungen zur App-Reihe &#8220;KartenKampf&#8221; Obwohl die inhaltliche und grafische Zusammenstellung der Informationen in der App mit [&hellip;]<\/p>\n","protected":false},"author":1,"featured_media":0,"parent":0,"menu_order":0,"comment_status":"closed","ping_status":"closed","template":"","meta":{"footnotes":""},"class_list":["post-118","page","type-page","status-publish","hentry"],"_links":{"self":[{"href":"https:\/\/www.stonyvalley.de\/biggi\/wp-json\/wp\/v2\/pages\/118","targetHints":{"allow":["GET"]}}],"collection":[{"href":"https:\/\/www.stonyvalley.de\/biggi\/wp-json\/wp\/v2\/pages"}],"about":[{"href":"https:\/\/www.stonyvalley.de\/biggi\/wp-json\/wp\/v2\/types\/page"}],"author":[{"embeddable":true,"href":"https:\/\/www.stonyvalley.de\/biggi\/wp-json\/wp\/v2\/users\/1"}],"replies":[{"embeddable":true,"href":"https:\/\/www.stonyvalley.de\/biggi\/wp-json\/wp\/v2\/comments?post=118"}],"version-history":[{"count":6,"href":"https:\/\/www.stonyvalley.de\/biggi\/wp-json\/wp\/v2\/pages\/118\/revisions"}],"predecessor-version":[{"id":325,"href":"https:\/\/www.stonyvalley.de\/biggi\/wp-json\/wp\/v2\/pages\/118\/revisions\/325"}],"wp:attachment":[{"href":"https:\/\/www.stonyvalley.de\/biggi\/wp-json\/wp\/v2\/media?parent=118"}],"curies":[{"name":"wp","href":"https:\/\/api.w.org\/{rel}","templated":true}]}}